{"id":26754,"date":"2025-05-08T12:51:33","date_gmt":"2025-05-08T17:51:33","guid":{"rendered":"https:\/\/staging.shuttlecomm.com\/?page_id=26754"},"modified":"2026-04-10T10:34:10","modified_gmt":"2026-04-10T15:34:10","slug":"contacto","status":"publish","type":"page","link":"https:\/\/staging.shuttlecomm.com\/es\/contacto\/","title":{"rendered":"Contacto"},"content":{"rendered":"\t\t<div data-elementor-type=\"wp-page\" data-elementor-id=\"26754\" class=\"elementor elementor-26754 elementor-708\">\n\t\t\t\t\t\t<section class=\"elementor-section elementor-top-section elementor-element elementor-element-032dbce elementor-section-boxed elementor-section-height-default elementor-section-height-default\" data-id=\"032dbce\" data-element_type=\"section\" data-e-type=\"section\" data-settings=\"{&quot;background_background&quot;:&quot;classic&quot;}\">\n\t\t\t\t\t\t<div class=\"elementor-container elementor-column-gap-default\">\n\t\t\t\t\t<div class=\"elementor-column elementor-col-50 elementor-top-column elementor-element elementor-element-b822b06\" data-id=\"b822b06\" data-element_type=\"column\" data-e-type=\"column\">\n\t\t\t<div class=\"elementor-widget-wrap elementor-element-populated\">\n\t\t\t\t\t\t<div class=\"elementor-element elementor-element-a314038 dl-align-left elementor-widget elementor-widget-ridek-section-heading\" data-id=\"a314038\" data-element_type=\"widget\" data-e-type=\"widget\" data-widget_type=\"ridek-section-heading.default\">\n\t\t\t\t<div class=\"elementor-widget-container\">\n\t\t\t\t\t        <div class=\"dl-section-heading\">\r\n                                    <h2 class=\"dl-heading\" data-bg-text=\"\">\r\n                \u00bfTiene alguna <span>pregunta<\/span>?\n            <\/h2>\r\n                                        <p class=\"dl-desc\">P\u00f3ngase en contacto con nosotros hoy mismo para hablar sobre las necesidades de bienestar de sus empleados. Ll\u00e1menos, env\u00edenos un correo electr\u00f3nico o completa el formulario de contacto.\n\n<\/p>\r\n                    <\/div>\r\n        \t\t\t\t<\/div>\n\t\t\t\t<\/div>\n\t\t\t\t<div class=\"elementor-element elementor-element-bb1ced0 layout-block icon-show list-left elementor-widget elementor-widget-ridek-list-items\" data-id=\"bb1ced0\" data-element_type=\"widget\" data-e-type=\"widget\" data-widget_type=\"ridek-list-items.default\">\n\t\t\t\t<div class=\"elementor-widget-container\">\n\t\t\t\t\t        <div class=\"dl-el-items\">\r\n                        <div class=\"dl-el-item elementor-repeater-item-ec79c99\">\r\n                                    <div class=\"dl-el-list-icon\">\r\n                        <i aria-hidden=\"true\" class=\"la la-map-marked-alt\"><\/i>                    <\/div>\r\n                                <div class=\"dl-el-list-content\">\r\n                                            <h3 >Oficinas Corporativas<\/h3>\r\n                                                                <p >Caracas 1092 Int 49, <br>\nCancun, QROO. Mexico 77536<\/p>\r\n                                                        <\/div>\r\n            <\/div>\r\n                        <div class=\"dl-el-item elementor-repeater-item-f62c5ef\">\r\n                                    <div class=\"dl-el-list-icon\">\r\n                        <i aria-hidden=\"true\" class=\"la la-mail-bulk\"><\/i>                    <\/div>\r\n                                <div class=\"dl-el-list-content\">\r\n                                            <h3 >Correo Electronico General<\/h3>\r\n                                                                <p >info@shuttlecomm.com <br>\nreservations@shuttlecomm.com <br>\ncustomerservice@shuttlecomm.com<\/p>\r\n                                                        <\/div>\r\n            <\/div>\r\n                        <div class=\"dl-el-item elementor-repeater-item-5174b31\">\r\n                                    <div class=\"dl-el-list-icon\">\r\n                        <i aria-hidden=\"true\" class=\"la la-phone-volume\"><\/i>                    <\/div>\r\n                                <div class=\"dl-el-list-content\">\r\n                                            <h3 >Atencion Telefonica<\/h3>\r\n                                                                <p >Internacional: +52 998 561 2311 (EST)<br>\nEstados Unidos: + 1 786 212 4642 (EST)<\/p>\r\n                                                        <\/div>\r\n            <\/div>\r\n                    <\/div>\r\n        \t\t\t\t<\/div>\n\t\t\t\t<\/div>\n\t\t\t\t\t<\/div>\n\t\t<\/div>\n\t\t\t\t<div class=\"elementor-column elementor-col-50 elementor-top-column elementor-element elementor-element-99b5df1\" data-id=\"99b5df1\" data-element_type=\"column\" data-e-type=\"column\">\n\t\t\t<div class=\"elementor-widget-wrap elementor-element-populated\">\n\t\t\t\t\t\t<div class=\"elementor-element elementor-element-57b266e dl-align-left elementor-widget elementor-widget-ridek-contact-form\" data-id=\"57b266e\" data-element_type=\"widget\" data-e-type=\"widget\" data-widget_type=\"ridek-contact-form.default\">\n\t\t\t\t<div class=\"elementor-widget-container\">\n\t\t\t\t\t<div class=\"el-cf7-form-wrap layout-1\">        <div class=\"dl-section-heading\">\r\n                            <h4 class=\"dl-sub-heading\">\r\n                <span >QUIERE SABER MAS?<\/span>\r\n            <\/h4>\r\n                                    <h2 class=\"dl-heading\" data-bg-text=\"\">\r\n                                    Contacto directo con nosotros                            <\/h2>\r\n                                        <p class=\"dl-desc\">Aclare su mente y pregunte cualquier cosa a nuestros especialistas<\/p>\r\n                    <\/div>\r\n        \n<div class=\"wpcf7 no-js\" id=\"wpcf7-f33919-o1\" lang=\"en-US\" dir=\"ltr\" data-wpcf7-id=\"33919\">\n<div class=\"screen-reader-response\"><p role=\"status\" aria-live=\"polite\" aria-atomic=\"true\"><\/p> <ul><\/ul><\/div>\n<form action=\"\/es\/wp-json\/wp\/v2\/pages\/26754#wpcf7-f33919-o1\" method=\"post\" class=\"wpcf7-form init\" aria-label=\"Contact form\" novalidate=\"novalidate\" data-status=\"init\">\n<fieldset class=\"hidden-fields-container\"><input type=\"hidden\" name=\"_wpcf7\" value=\"33919\" \/><input type=\"hidden\" name=\"_wpcf7_version\" value=\"6.1.5\" \/><input type=\"hidden\" name=\"_wpcf7_locale\" value=\"en_US\" \/><input type=\"hidden\" name=\"_wpcf7_unit_tag\" value=\"wpcf7-f33919-o1\" \/><input type=\"hidden\" name=\"_wpcf7_container_post\" value=\"0\" \/><input type=\"hidden\" name=\"_wpcf7_posted_data_hash\" value=\"\" \/>\n<\/fieldset>\n<p><span class=\"wpcf7-form-control-wrap\" data-name=\"first-name\"><input size=\"40\" maxlength=\"400\" class=\"wpcf7-form-control wpcf7-text wpcf7-validates-as-required\" aria-required=\"true\" aria-invalid=\"false\" placeholder=\"Nombre(s)\" value=\"\" type=\"text\" name=\"first-name\" \/><\/span>\n<\/p>\n<p><span class=\"wpcf7-form-control-wrap\" data-name=\"last-name\"><input size=\"40\" maxlength=\"400\" class=\"wpcf7-form-control wpcf7-text\" aria-invalid=\"false\" placeholder=\"Apellidos\" value=\"\" type=\"text\" name=\"last-name\" \/><\/span>\n<\/p>\n<p><span class=\"wpcf7-form-control-wrap\" data-name=\"email\"><input size=\"40\" maxlength=\"400\" class=\"wpcf7-form-control wpcf7-email wpcf7-validates-as-required wpcf7-text wpcf7-validates-as-email\" aria-required=\"true\" aria-invalid=\"false\" placeholder=\"Correo Electronico\" value=\"\" type=\"email\" name=\"email\" \/><\/span>\n<\/p>\n<p><span class=\"wpcf7-form-control-wrap\" data-name=\"phone-number\"><input size=\"40\" maxlength=\"400\" class=\"wpcf7-form-control wpcf7-tel wpcf7-text wpcf7-validates-as-tel\" aria-invalid=\"false\" placeholder=\"Telefono\" value=\"\" type=\"tel\" name=\"phone-number\" \/><\/span>\n<\/p>\n<p><span class=\"wpcf7-form-control-wrap\" data-name=\"message\"><textarea cols=\"40\" rows=\"10\" maxlength=\"2000\" class=\"wpcf7-form-control wpcf7-textarea wpcf7-validates-as-required\" aria-required=\"true\" aria-invalid=\"false\" placeholder=\"Su Mensaje\" name=\"message\"><\/textarea><\/span>\n<\/p>\n<p><input class=\"wpcf7-form-control wpcf7-submit has-spinner\" type=\"submit\" value=\"Enviar Mensaje\" \/>\n<\/p><div class=\"wpcf7-response-output\" aria-hidden=\"true\"><\/div>\n<\/form>\n<\/div>\n<\/div>\t\t\t\t<\/div>\n\t\t\t\t<\/div>\n\t\t\t\t\t<\/div>\n\t\t<\/div>\n\t\t\t\t\t<\/div>\n\t\t<\/section>\n\t\t<div class=\"elementor-element elementor-element-f905699 e-flex e-con-boxed e-con e-parent\" data-id=\"f905699\" data-element_type=\"container\" data-e-type=\"container\">\n\t\t\t\t\t<div class=\"e-con-inner\">\n\t\t\t\t<div class=\"elementor-element elementor-element-49b9520 elementor-widget elementor-widget-spacer\" data-id=\"49b9520\" data-element_type=\"widget\" data-e-type=\"widget\" data-widget_type=\"spacer.default\">\n\t\t\t\t<div class=\"elementor-widget-container\">\n\t\t\t\t\t\t\t<div class=\"elementor-spacer\">\n\t\t\t<div class=\"elementor-spacer-inner\"><\/div>\n\t\t<\/div>\n\t\t\t\t\t\t<\/div>\n\t\t\t\t<\/div>\n\t\t\t\t\t<\/div>\n\t\t\t\t<\/div>\n\t\t\t\t<\/div>\n\t\t","protected":false},"excerpt":{"rendered":"<p>\u00bfTiene alguna pregunta? P\u00f3ngase en contacto con nosotros hoy mismo para hablar sobre las necesidades de bienestar de sus empleados. Ll\u00e1menos, env\u00edenos un correo electr\u00f3nico o completa el formulario de contacto. Oficinas Corporativas Caracas 1092 Int 49, Cancun, QROO. Mexico 77536 Correo Electronico General info@shuttlecomm.com reservations@shuttlecomm.com customerservice@shuttlecomm.com Atencion Telefonica Internacional: +52 998 561 2311 (EST) [&hellip;]<\/p>\n","protected":false},"author":1,"featured_media":0,"parent":0,"menu_order":0,"comment_status":"closed","ping_status":"closed","template":"elementor_header_footer","meta":{"footnotes":""},"class_list":["post-26754","page","type-page","status-publish","hentry"],"_links":{"self":[{"href":"https:\/\/staging.shuttlecomm.com\/es\/wp-json\/wp\/v2\/pages\/26754","targetHints":{"allow":["GET"]}}],"collection":[{"href":"https:\/\/staging.shuttlecomm.com\/es\/wp-json\/wp\/v2\/pages"}],"about":[{"href":"https:\/\/staging.shuttlecomm.com\/es\/wp-json\/wp\/v2\/types\/page"}],"author":[{"embeddable":true,"href":"https:\/\/staging.shuttlecomm.com\/es\/wp-json\/wp\/v2\/users\/1"}],"replies":[{"embeddable":true,"href":"https:\/\/staging.shuttlecomm.com\/es\/wp-json\/wp\/v2\/comments?post=26754"}],"version-history":[{"count":2,"href":"https:\/\/staging.shuttlecomm.com\/es\/wp-json\/wp\/v2\/pages\/26754\/revisions"}],"predecessor-version":[{"id":35749,"href":"https:\/\/staging.shuttlecomm.com\/es\/wp-json\/wp\/v2\/pages\/26754\/revisions\/35749"}],"wp:attachment":[{"href":"https:\/\/staging.shuttlecomm.com\/es\/wp-json\/wp\/v2\/media?parent=26754"}],"curies":[{"name":"wp","href":"https:\/\/api.w.org\/{rel}","templated":true}]}}