{"id":26774,"date":"2025-05-09T14:57:27","date_gmt":"2025-05-09T19:57:27","guid":{"rendered":"https:\/\/staging.shuttlecomm.com\/?page_id=26774"},"modified":"2026-04-10T10:32:38","modified_gmt":"2026-04-10T15:32:38","slug":"politica-de-privacidad","status":"publish","type":"page","link":"https:\/\/staging.shuttlecomm.com\/es\/politica-de-privacidad\/","title":{"rendered":"Aviso de Privacidad"},"content":{"rendered":"\t\t<div data-elementor-type=\"wp-page\" data-elementor-id=\"26774\" class=\"elementor elementor-26774 elementor-24130\">\n\t\t\t\t<div class=\"elementor-element elementor-element-50d873e e-flex e-con-boxed e-con e-parent\" data-id=\"50d873e\" data-element_type=\"container\" data-e-type=\"container\">\n\t\t\t\t\t<div class=\"e-con-inner\">\n\t\t\t\t<div class=\"elementor-element elementor-element-aae8a28 elementor-widget elementor-widget-heading\" data-id=\"aae8a28\" data-element_type=\"widget\" data-e-type=\"widget\" data-widget_type=\"heading.default\">\n\t\t\t\t<div class=\"elementor-widget-container\">\n\t\t\t\t\t<h2 class=\"elementor-heading-title elementor-size-default\">Aviso de Privacidad<\/h2>\t\t\t\t<\/div>\n\t\t\t\t<\/div>\n\t\t\t\t\t<\/div>\n\t\t\t\t<\/div>\n\t\t\t\t<section class=\"elementor-section elementor-top-section elementor-element elementor-element-fccc1a0 elementor-section-boxed elementor-section-height-default elementor-section-height-default\" data-id=\"fccc1a0\" data-element_type=\"section\" data-e-type=\"section\">\n\t\t\t\t\t\t<div class=\"elementor-container elementor-column-gap-default\">\n\t\t\t\t\t<div class=\"elementor-column elementor-col-100 elementor-top-column elementor-element elementor-element-9ba5d6b\" data-id=\"9ba5d6b\" data-element_type=\"column\" data-e-type=\"column\">\n\t\t\t<div class=\"elementor-widget-wrap elementor-element-populated\">\n\t\t\t\t\t\t<div class=\"elementor-element elementor-element-e175e17 elementor-widget__width-initial elementor-widget elementor-widget-text-editor\" data-id=\"e175e17\" data-element_type=\"widget\" data-e-type=\"widget\" data-widget_type=\"text-editor.default\">\n\t\t\t\t<div class=\"elementor-widget-container\">\n\t\t\t\t\t\t\t\t\t\t<h5>Pol\u00edtica de Privacidad de Iron Horse Revolution Technologies d\/b\/a shuttlecomm.com<\/h5>\n\t\u00daltima actualizaci\u00f3n: 1 de noviembre de 2025\n\t\t\t<p>Esta Pol\u00edtica de Privacidad describe c\u00f3mo Iron Horse Revolution Technologies d\/b\/a shuttlecomm.com (el \u00abSitio\u00bb, \u00abnosotros\u00bb, \u00abnos\u00bb o \u00abnuestro\u00bb) recopila, utiliza y divulga su informaci\u00f3n personal cuando visita, usa nuestros servicios o realiza una reservacion en https:\/\/staging.shuttlecomm.com (el \u00abSitio\u00bb) o se comunica con nosotros de alguna otra manera (colectivamente, los \u00abServicios\u00bb). A efectos de esta Pol\u00edtica de Privacidad, \u00abusted\u00bb y \u00absu\u00bb se refieren a usted como usuario de los Servicios, ya sea como cliente, visitante del sitio web u otra persona cuya informaci\u00f3n hayamos recopilado conforme a esta Pol\u00edtica de Privacidad.<\/p>\n\t\t\t<p>Lea atentamente esta Pol\u00edtica de Privacidad. Al usar y acceder a cualquiera de los Servicios, usted acepta la recopilaci\u00f3n, uso y divulgaci\u00f3n de su informaci\u00f3n tal como se describe en esta Pol\u00edtica de Privacidad. Si no est\u00e1 de acuerdo con esta Pol\u00edtica de Privacidad, no utilice ni acceda a ninguno de los Servicios.<\/p>\n<br>\n\t<h5>Cambios en esta Pol\u00edtica de Privacidad<\/h5>\n\t\t\t<p>Podemos actualizar esta Pol\u00edtica de Privacidad peri\u00f3dicamente, incluyendo para reflejar cambios en nuestras pr\u00e1cticas o por otras razones operativas, legales o regulatorias. Publicaremos la Pol\u00edtica de Privacidad revisada en el Sitio, actualizaremos la fecha de \u00ab\u00daltima actualizaci\u00f3n\u00bb y tomaremos cualquier otra medida que exija la legislaci\u00f3n aplicable.<\/p>\n<br>\n\t<h5>C\u00f3mo Recopilamos y Utilizamos su Informaci\u00f3n Personal<\/h5>\n\t\t\t<p>Para prestar los Servicios, recopilamos y hemos recopilado durante los \u00faltimos 12 meses informaci\u00f3n personal sobre usted proveniente de diversas fuentes, tal como se detalla a continuaci\u00f3n. La informaci\u00f3n que recopilamos y utilizamos var\u00eda seg\u00fan la forma en que interact\u00fae con nosotros.<\/p>\n\t\t\t<p>Adem\u00e1s de los usos espec\u00edficos detallados m\u00e1s adelante, podemos utilizar la informaci\u00f3n que recopilamos sobre usted para comunicarnos con usted, prestar los Servicios, cumplir con cualquier obligaci\u00f3n legal aplicable, hacer cumplir los t\u00e9rminos de servicio correspondientes y proteger o defender los Servicios, nuestros derechos y los derechos de nuestros usuarios u otras personas.<\/p>\n<br>\n\t<h5>Qu\u00e9 Informaci\u00f3n Personal Recopilamos<\/h5>\n\t\t\t<p>Los tipos de informaci\u00f3n personal que obtenemos sobre usted dependen de c\u00f3mo interact\u00fae con nuestro Sitio y utilice nuestros Servicios. Cuando utilizamos el t\u00e9rmino \u00abinformaci\u00f3n personal\u00bb, nos referimos a informaci\u00f3n que le identifica, se relaciona con usted, le describe o puede asociarse con usted. Las siguientes secciones describen las categor\u00edas y los tipos espec\u00edficos de informaci\u00f3n personal que recopilamos.<\/p>\n<br>\n\t<h5>Informaci\u00f3n que Recopilamos Directamente de Usted<\/h5>\n\t\t\t<p>La informaci\u00f3n que usted env\u00eda directamente a trav\u00e9s de nuestros Servicios puede incluir:<\/p>\n\t\t\t\t<ul>\n\t\t\t\t\t<li>Datos de contacto b\u00e1sicos, incluyendo su nombre, direcci\u00f3n, n\u00famero de tel\u00e9fono y correo electr\u00f3nico.<\/li>\n\t\t\t\t\t<li>Informaci\u00f3n de reservaciones, incluyendo su nombre, direcci\u00f3n de facturaci\u00f3n, direcci\u00f3n de env\u00edo, confirmaci\u00f3n de pago, direcci\u00f3n de correo electr\u00f3nico y n\u00famero de tel\u00e9fono.<\/li>\n\t\t\t\t\t<li>Informaci\u00f3n de la cuenta, incluyendo su nombre de usuario, contrase\u00f1a y preguntas de seguridad.<\/li>\n\t\t\t\t\t<li>Informaci\u00f3n de reservaciones, incluyendo los art\u00edculos que visualiza, a\u00f1ade a la solicitud o agrega a su reservacion.  <\/li>\n\t\t\t\t\t<li>Informaci\u00f3n de soporte al cliente, incluyendo la informaci\u00f3n que decida incluir en sus comunicaciones con nosotros, por ejemplo, al enviar un mensaje a trav\u00e9s de los Servicios.<\/li>\n\t\t\t\t<\/ul>\n\t\t\t<p>Algunas funciones de los Servicios pueden requerir que nos proporcione directamente cierta informaci\u00f3n sobre usted. Puede optar por no proporcionar dicha informaci\u00f3n, pero hacerlo podr\u00eda impedirle utilizar o acceder a esas funciones.<\/p>\n<br>\n\t<h5>Informaci\u00f3n que Recopilamos Mediante Cookies<\/h5>\n\t\t\t<p>Tambi\u00e9n recopilamos autom\u00e1ticamente cierta informaci\u00f3n sobre su interacci\u00f3n con los Servicios (\u00abDatos de uso\u00bb). Para ello, podemos utilizar cookies, p\u00edxeles y tecnolog\u00edas similares (\u00abCookies\u00bb). Los Datos de uso pueden incluir informaci\u00f3n sobre c\u00f3mo accede y utiliza nuestro Sitio y su cuenta, incluyendo informaci\u00f3n del dispositivo, del navegador, sobre su conexi\u00f3n de red, su direcci\u00f3n IP y otra informaci\u00f3n relativa a su interacci\u00f3n con los Servicios.<\/p>\n<br>\n\t<h5>Informaci\u00f3n que Obtenemos de Terceros<\/h5>\n\t\t\t<p>Por \u00faltimo, podemos obtener informaci\u00f3n sobre usted de terceros, incluidos proveedores y prestadores de servicios que pueden recopilar informaci\u00f3n en nuestro nombre, tales como:<\/p>\n\t\t\t\t<ul>\n\t\t\t\t\t<li>Empresas que brindan apoyo a nuestro Sitio y Servicios.<\/li>\n\t\t\t\t\t<li>Nuestros procesadores de pagos, que recopilan informaci\u00f3n de pago (por ejemplo, cuenta bancaria, datos de tarjetas de cr\u00e9dito o d\u00e9bito, direcci\u00f3n de facturaci\u00f3n) para procesar su pago, cumplir con sus reservaciones y prestarle los servicios solicitados, a fin de ejecutar nuestro contrato con usted.<\/li>\n\t\t\t\t\t<li>Cuando visita nuestro Sitio, abre o hace clic en correos electr\u00f3nicos que le enviamos o interact\u00faa con nuestros Servicios o publicidad, nosotros o terceros con los que colaboramos podemos recopilar autom\u00e1ticamente cierta informaci\u00f3n mediante tecnolog\u00edas de seguimiento en l\u00ednea como p\u00edxeles, balizas web, kits de desarrollo de software (SDK), bibliotecas de terceros y cookies.<\/li>\n\t\t\t\t<\/ul>\n\t\t\t<p>Toda la informaci\u00f3n que obtengamos de terceros se tratar\u00e1 conforme a esta Pol\u00edtica de Privacidad. No somos responsables ni asumimos ninguna responsabilidad por la exactitud de la informaci\u00f3n proporcionada por terceros, ni por las pol\u00edticas o pr\u00e1cticas de dichos terceros. Para obtener m\u00e1s informaci\u00f3n, consulte la secci\u00f3n siguiente: Sitios web y enlaces de terceros.<\/p>\n<br>\n\t<h5>C\u00f3mo Utilizamos su Informaci\u00f3n Personal<\/h5>\n\t\t\t\t<ul>\n\t\t\t\t\t<li>Prestaci\u00f3n de productos y servicios. Utilizamos su informaci\u00f3n personal para prestarle los Servicios a fin de ejecutar nuestro contrato con usted, incluyendo procesar sus pagos, gestionar sus reservaciones, enviarle notificaciones relacionadas con su cuenta, reembolsos, cambios u otras transacciones, crear, mantener y gestionar su cuenta, organizar reservaciones, facilitar reembolsos y permitirle publicar rese\u00f1as.<\/li>\n\t\t\t\t\t<li>Marketing y publicidad. Utilizamos su informaci\u00f3n personal con fines de marketing y promoci\u00f3n, como enviarle comunicaciones publicitarias, promocionales o de marketing por correo electr\u00f3nico, mensaje de texto o correo postal, y mostrarle anuncios de productos o servicios. Esto puede incluir el uso de su informaci\u00f3n personal para personalizar mejor los Servicios y la publicidad en nuestro Sitio y en otros sitios web.<\/li>\n\t\t\t\t\t<li>Seguridad y prevenci\u00f3n de fraude. Utilizamos su informaci\u00f3n personal para detectar, investigar o tomar medidas respecto a posibles actividades fraudulentas, ilegales o malintencionadas. Si decide utilizar los Servicios y registrar una cuenta, es responsable de mantener seguras sus credenciales de acceso. Le recomendamos encarecidamente que no comparta su nombre de usuario, contrase\u00f1a u otros datos de acceso con terceros. Si cree que su cuenta ha sido comprometida, p\u00f3ngase en contacto con nosotros inmediatamente.<\/li>\n\t\t\t\t\t<li>Comunicaci\u00f3n con usted. Utilizamos su informaci\u00f3n personal para brindarle soporte al cliente y mejorar nuestros Servicios. Esto se basa en nuestro inter\u00e9s leg\u00edtimo de responder a sus solicitudes, prestarle servicios eficaces y mantener nuestra relaci\u00f3n comercial con usted.<\/li>\n\t\t\t\t<\/ul>\n<br>\n\t<h5>Cookies<\/h5>\n\t\t\t<p>Al igual que muchos sitios web, utilizamos Cookies en nuestro Sitio. Para obtener informaci\u00f3n espec\u00edfica sobre las Cookies que utilizamos relacionadas con el funcionamiento de nuestro sitio mediante shuttlecomm.com, consulte https:\/\/staging.shuttlecomm.com\/es\/cookies\/. Utilizamos Cookies para hacer funcionar y mejorar nuestro Sitio y nuestros Servicios (incluyendo recordar sus acciones y preferencias), realizar an\u00e1lisis y comprender mejor la interacci\u00f3n de los usuarios con los Servicios (en nuestro inter\u00e9s leg\u00edtimo de administrar, mejorar y optimizar los Servicios). Asimismo, podemos permitir que terceros y proveedores de servicios utilicen Cookies en nuestro Sitio para personalizar mejor los servicios, productos y publicidad en nuestro Sitio y en otros sitios web.<\/p>\n\t\t\t<p>La mayor\u00eda de los navegadores aceptan autom\u00e1ticamente las Cookies de forma predeterminada, pero puede configurar su navegador para eliminar o rechazar Cookies mediante los controles del navegador. Tenga en cuenta que eliminar o bloquear Cookies puede afectar negativamente su experiencia de usuario y hacer que determinadas funciones de los Servicios dejen de funcionar correctamente o dejen de estar disponibles. Adem\u00e1s, el bloqueo de Cookies puede no impedir completamente que compartamos informaci\u00f3n con terceros, como nuestros socios publicitarios.<\/p>\n<br>\n\t<h5>C\u00f3mo Divulgamos su Informaci\u00f3n Personal<\/h5>\n\t\t\t<p>En ciertas circunstancias, podemos divulgar su informaci\u00f3n personal a terceros con fines leg\u00edtimos conforme a esta Pol\u00edtica de Privacidad. Dichas circunstancias pueden incluir:<\/p>\n\t\t\t\t<ul>\n\t\t\t\t\t<li>A proveedores u otros terceros que prestan servicios en nuestro nombre (por ejemplo, gesti\u00f3n inform\u00e1tica, procesamiento de pagos, an\u00e1lisis de datos, soporte al cliente, almacenamiento en la nube, gesti\u00f3n de reservaciones y env\u00edos).<\/li>\n\t\t\t\t\t<li>Socios comerciales y de marketing, incluyendo shuttlecomm.com, para prestar servicios y publicitarle. Por ejemplo, utilizamos shuttlecomm.com para respaldar la publicidad personalizada mediante servicios de terceros. Nuestros socios comerciales y de marketing utilizar\u00e1n su informaci\u00f3n conforme a sus propios avisos de privacidad.<\/li>\n\t\t\t\t\t<li>Cuando usted nos indique, nos solicite o consienta de otro modo la divulgaci\u00f3n de cierta informaci\u00f3n a terceros, por ejemplo, para gestionarle servicios o mediante el uso de widgets de redes sociales o integraciones de inicio de sesi\u00f3n, con su consentimiento.<\/li>\n\t\t\t\t\t<li>A nuestras empresas afiliadas o dentro de nuestro grupo corporativo, en nuestro inter\u00e9s leg\u00edtimo de gestionar un negocio exitoso.<\/li>\n\t\t\t\t\t<li>En relaci\u00f3n con una transacci\u00f3n comercial, como una fusi\u00f3n o quiebra, para cumplir con cualquier obligaci\u00f3n legal aplicable (incluyendo responder a citaciones, \u00f3rdenes de registro y solicitudes similares), hacer cumplir los t\u00e9rminos de servicio aplicables, y proteger o defender los Servicios, nuestros derechos y los derechos de nuestros usuarios u otras personas.<\/li>\n\t\t\t\t<\/ul>\n\t\t<p>Durante los \u00faltimos 12 meses, hemos divulgado las siguientes categor\u00edas de informaci\u00f3n personal e informaci\u00f3n personal sensible (indicadas con *) sobre los usuarios para los fines establecidos anteriormente en las secciones \u00abC\u00f3mo recopilamos y utilizamos su informaci\u00f3n personal\u00bb y \u00abC\u00f3mo divulgamos su informaci\u00f3n personal\u00bb<\/p>\n<br>\n\t<h5>Categor\u00eda:<\/h5>\n\t\t\t\t<ul>\n\t\t\t\t\t<li>Identificadores, como datos de contacto b\u00e1sicos y cierta informaci\u00f3n de reservacion y cuentas.<\/li>\n\t\t\t\t\t<li>Informaci\u00f3n comercial, como informaci\u00f3n de reservacion, datos de reservaciones e informaci\u00f3n de soporte al cliente.<\/li>\n\t\t\t\t\t<li>Actividad en Internet u otra actividad en red similar, como Datos de uso.<\/li>\n\t\t\t\t<\/ul>\n<br>\n\t<h5>Categor\u00edas de Destinatarios:<\/h5>\n\t\t\t\t<ul>\n\t\t\t\t\t<li>Proveedores y terceros que prestan servicios en nuestro nombre (por ejemplo, proveedores de servicios de Internet, procesadores de pagos, socios de cumplimiento, socios de soporte al cliente y proveedores de an\u00e1lisis de datos).<\/li>\n\t\t\t\t\t<li>Socios comerciales y de marketing.<\/li>\n\t\t\t\t\t<li>Empresas afiliadas.<\/li>\n\t\t\t\t<\/ul>\n\t\t\t<p>No utilizamos ni divulgamos informaci\u00f3n personal sensible con el prop\u00f3sito de inferir caracter\u00edsticas sobre usted.<\/p>\n\t\t\t<p>Hemos \u00abvendido\u00bb y \u00abcompartido\u00bb (seg\u00fan se definen dichos t\u00e9rminos en la legislaci\u00f3n aplicable) informaci\u00f3n personal durante los \u00faltimos 12 meses con fines de actividades publicitarias y de marketing, como se indica a continuaci\u00f3n.<\/p>\n<br>\n\t<h5>Categor\u00eda de Informaci\u00f3n Personal:<\/h5>\n\t\t\t\t<ul>\n\t\t\t\t\t<li>Identificadores, como datos de contacto b\u00e1sicos y cierta informaci\u00f3n de reservaciones y cuentas.<\/li>\n\t\t\t\t\t<li>Informaci\u00f3n comercial, como registros de servicios reservados e informaci\u00f3n personal.<\/li>\n\t\t\t\t\t<li>Actividad en Internet u otra actividad en red similar, como Datos de uso.<\/li>\n\t\t\t\t<\/ul>\n<br>\n\t<h5>Categor\u00edas de Destinatarios:<\/h5>\n\t\t\t\t<ul>\n\t\t\t\t\t<li>Socios comerciales y de marketing.<\/li>\n\t\t\t\t<\/ul>\n<br>\n\t<h5>Contenido Generado por el Usuario<\/h5>\n\t\t<p>Los Servicios pueden permitirle publicar rese\u00f1as de servicios y otro contenido generado por el usuario. Si decide enviar contenido generado por el usuario a cualquier \u00e1rea p\u00fablica de los Servicios, dicho contenido ser\u00e1 p\u00fablico y accesible para cualquier persona.<\/p>\n\t\t<p>No controlamos qui\u00e9n tendr\u00e1 acceso a la informaci\u00f3n que decida compartir con terceros y no podemos garantizar que dichas partes respeten su privacidad o mantengan dicha informaci\u00f3n segura. No somos responsables de la privacidad o seguridad de la informaci\u00f3n que haga p\u00fablica, ni de la exactitud, uso o mal uso de la informaci\u00f3n que revele o reciba de terceros.<\/p>\n<br>\n\t<h5>Sitios Web y Enlaces de Terceros<\/h5>\n\t\t<p>Nuestro Sitio puede contener enlaces a sitios web u otras plataformas en l\u00ednea operadas por terceros. Si sigue enlaces a sitios que no son afiliados o controlados por nosotros, debe revisar sus pol\u00edticas de privacidad y seguridad y sus t\u00e9rminos y condiciones. No garantizamos ni somos responsables de la privacidad o seguridad de dichos sitios, incluida la exactitud, integridad o fiabilidad de la informaci\u00f3n que contienen. La informaci\u00f3n que proporcione en espacios p\u00fablicos o semip\u00fablicos, incluida la que comparta en plataformas de redes sociales de terceros, tambi\u00e9n puede ser visible para otros usuarios de los Servicios y\/o usuarios de dichas plataformas de terceros sin limitaci\u00f3n alguna respecto a su uso por parte nuestra o de terceros. La inclusi\u00f3n de dichos enlaces no implica, por s\u00ed sola, ninguna aprobaci\u00f3n de los contenidos de dichas plataformas ni de sus propietarios u operadores, salvo que se indique expresamente en los Servicios.<\/p>\n<br>\n\t<h5>Datos de Menores<\/h5>\n\t\t<p>Los Servicios no est\u00e1n destinados a ser utilizados por menores, y no recopilamos intencionadamente informaci\u00f3n personal de menores. Si es padre, madre o tutor legal de un menor que nos haya proporcionado su informaci\u00f3n personal, puede contactarnos mediante los datos de contacto que se indican a continuaci\u00f3n para solicitar su eliminaci\u00f3n.<\/p>\n\t\t<p>A partir de la fecha de vigencia de esta Pol\u00edtica de Privacidad, no tenemos conocimiento real de que \u00abcompartamos\u00bb o \u00abvendamos\u00bb (seg\u00fan se definen dichos t\u00e9rminos en la legislaci\u00f3n aplicable) informaci\u00f3n personal de personas menores de 18 a\u00f1os.<\/p>\n<br>\n\t<h5>Seguridad y Conservaci\u00f3n de su Informaci\u00f3n<\/h5>\n\t\t<p>Tenga en cuenta que ninguna medida de seguridad es perfecta ni infalible, y no podemos garantizar una \u00abseguridad perfecta\u00bb. Adem\u00e1s, cualquier informaci\u00f3n que nos env\u00ede puede no estar segura durante su transmisi\u00f3n. Le recomendamos que no utilice canales no seguros para comunicarnos informaci\u00f3n sensible o confidencial.<\/p>\n\t\t\t\t\t\t\t\t<\/div>\n\t\t\t\t<\/div>\n\t\t\t\t\t<\/div>\n\t\t<\/div>\n\t\t\t\t\t<\/div>\n\t\t<\/section>\n\t\t\t\t<\/div>\n\t\t","protected":false},"excerpt":{"rendered":"<p>Aviso de Privacidad Pol\u00edtica de Privacidad de Iron Horse Revolution Technologies d\/b\/a shuttlecomm.com \u00daltima actualizaci\u00f3n: 1 de noviembre de 2025 Esta Pol\u00edtica de Privacidad describe c\u00f3mo Iron Horse Revolution Technologies d\/b\/a shuttlecomm.com (el \u00abSitio\u00bb, \u00abnosotros\u00bb, \u00abnos\u00bb o \u00abnuestro\u00bb) recopila, utiliza y divulga su informaci\u00f3n personal cuando visita, usa nuestros servicios o realiza una reservacion en [&hellip;]<\/p>\n","protected":false},"author":1,"featured_media":0,"parent":0,"menu_order":0,"comment_status":"closed","ping_status":"open","template":"elementor_header_footer","meta":{"footnotes":""},"class_list":["post-26774","page","type-page","status-publish","hentry"],"_links":{"self":[{"href":"https:\/\/staging.shuttlecomm.com\/es\/wp-json\/wp\/v2\/pages\/26774","targetHints":{"allow":["GET"]}}],"collection":[{"href":"https:\/\/staging.shuttlecomm.com\/es\/wp-json\/wp\/v2\/pages"}],"about":[{"href":"https:\/\/staging.shuttlecomm.com\/es\/wp-json\/wp\/v2\/types\/page"}],"author":[{"embeddable":true,"href":"https:\/\/staging.shuttlecomm.com\/es\/wp-json\/wp\/v2\/users\/1"}],"replies":[{"embeddable":true,"href":"https:\/\/staging.shuttlecomm.com\/es\/wp-json\/wp\/v2\/comments?post=26774"}],"version-history":[{"count":1,"href":"https:\/\/staging.shuttlecomm.com\/es\/wp-json\/wp\/v2\/pages\/26774\/revisions"}],"predecessor-version":[{"id":35752,"href":"https:\/\/staging.shuttlecomm.com\/es\/wp-json\/wp\/v2\/pages\/26774\/revisions\/35752"}],"wp:attachment":[{"href":"https:\/\/staging.shuttlecomm.com\/es\/wp-json\/wp\/v2\/media?parent=26774"}],"curies":[{"name":"wp","href":"https:\/\/api.w.org\/{rel}","templated":true}]}}